{"id":2601,"date":"2025-03-28T09:50:16","date_gmt":"2025-03-28T09:50:16","guid":{"rendered":"https:\/\/imexwood.fi\/?page_id=2601"},"modified":"2025-04-11T09:56:45","modified_gmt":"2025-04-11T09:56:45","slug":"bedding-pellets","status":"publish","type":"page","link":"https:\/\/imexwood.fi\/en\/bedding-pellets\/","title":{"rendered":"BEDDING PELLETS"},"content":{"rendered":"\t\t<div data-elementor-type=\"wp-page\" data-elementor-id=\"2601\" class=\"elementor elementor-2601\" data-elementor-post-type=\"page\">\n\t\t\t\t<div class=\"elementor-element elementor-element-5a28bf7 e-flex e-con-boxed e-con e-parent\" data-id=\"5a28bf7\" data-element_type=\"container\" data-e-type=\"container\" data-settings=\"{&quot;jet_parallax_layout_list&quot;:[]}\">\n\t\t\t\t\t<div class=\"e-con-inner\">\n\t\t<div class=\"elementor-element elementor-element-a3c6bb1 e-con-full e-flex e-con e-child\" data-id=\"a3c6bb1\" data-element_type=\"container\" data-e-type=\"container\" data-settings=\"{&quot;jet_parallax_layout_list&quot;:[],&quot;sticky&quot;:&quot;top&quot;,&quot;sticky_on&quot;:[&quot;desktop&quot;,&quot;laptop&quot;],&quot;sticky_offset&quot;:25,&quot;sticky_effects_offset&quot;:25,&quot;sticky_parent&quot;:&quot;yes&quot;,&quot;sticky_anchor_link_offset&quot;:0}\">\n\t\t\t\t<div class=\"elementor-element elementor-element-9d3be3e elementor-widget elementor-widget-image\" data-id=\"9d3be3e\" data-element_type=\"widget\" data-e-type=\"widget\" data-widget_type=\"image.default\">\n\t\t\t\t<div class=\"elementor-widget-container\">\n\t\t\t\t\t\t\t\t\t\t\t\t\t\t\t<img fetchpriority=\"high\" decoding=\"async\" width=\"1024\" height=\"1024\" src=\"https:\/\/imexwood.fi\/wp-content\/uploads\/2025\/04\/Kuivikepelletti_ImexWood.png\" class=\"attachment-full size-full wp-image-2768\" alt=\"Hevosille ja el\u00e4imille - kuivikepelletti - hevostallilla\" srcset=\"https:\/\/imexwood.fi\/wp-content\/uploads\/2025\/04\/Kuivikepelletti_ImexWood.png 1024w, https:\/\/imexwood.fi\/wp-content\/uploads\/2025\/04\/Kuivikepelletti_ImexWood-300x300.png 300w, https:\/\/imexwood.fi\/wp-content\/uploads\/2025\/04\/Kuivikepelletti_ImexWood-150x150.png 150w, https:\/\/imexwood.fi\/wp-content\/uploads\/2025\/04\/Kuivikepelletti_ImexWood-768x768.png 768w, https:\/\/imexwood.fi\/wp-content\/uploads\/2025\/04\/Kuivikepelletti_ImexWood-12x12.png 12w\" sizes=\"(max-width: 1024px) 100vw, 1024px\" \/>\t\t\t\t\t\t\t\t\t\t\t\t\t\t\t<\/div>\n\t\t\t\t<\/div>\n\t\t\t\t<div class=\"elementor-element elementor-element-66e9b5e elementor-widget elementor-widget-image\" data-id=\"66e9b5e\" data-element_type=\"widget\" data-e-type=\"widget\" data-widget_type=\"image.default\">\n\t\t\t\t<div class=\"elementor-widget-container\">\n\t\t\t\t\t\t\t\t\t\t\t\t\t\t\t<img decoding=\"async\" width=\"786\" height=\"1024\" src=\"https:\/\/imexwood.fi\/wp-content\/uploads\/2025\/03\/Kuivikepelletti_sakki_2-786x1024.png\" class=\"attachment-large size-large wp-image-2725\" alt=\"\" srcset=\"https:\/\/imexwood.fi\/wp-content\/uploads\/2025\/03\/Kuivikepelletti_sakki_2-786x1024.png 786w, https:\/\/imexwood.fi\/wp-content\/uploads\/2025\/03\/Kuivikepelletti_sakki_2-230x300.png 230w, https:\/\/imexwood.fi\/wp-content\/uploads\/2025\/03\/Kuivikepelletti_sakki_2-768x1001.png 768w, https:\/\/imexwood.fi\/wp-content\/uploads\/2025\/03\/Kuivikepelletti_sakki_2-9x12.png 9w, https:\/\/imexwood.fi\/wp-content\/uploads\/2025\/03\/Kuivikepelletti_sakki_2.png 829w\" sizes=\"(max-width: 786px) 100vw, 786px\" \/>\t\t\t\t\t\t\t\t\t\t\t\t\t\t\t<\/div>\n\t\t\t\t<\/div>\n\t\t\t\t<\/div>\n\t\t<div class=\"elementor-element elementor-element-74fc251 e-con-full e-flex e-con e-child\" data-id=\"74fc251\" data-element_type=\"container\" data-e-type=\"container\" data-settings=\"{&quot;jet_parallax_layout_list&quot;:[]}\">\n\t\t\t\t<div class=\"elementor-element elementor-element-df68efb elementor-widget elementor-widget-heading\" data-id=\"df68efb\" data-element_type=\"widget\" data-e-type=\"widget\" data-widget_type=\"heading.default\">\n\t\t\t\t<div class=\"elementor-widget-container\">\n\t\t\t\t\t<h1 class=\"elementor-heading-title elementor-size-default\">KUIVIKEPELLETTI<\/h1>\t\t\t\t<\/div>\n\t\t\t\t<\/div>\n\t\t\t\t<div class=\"elementor-element elementor-element-7c5d007 elementor-widget elementor-widget-text-editor\" data-id=\"7c5d007\" data-element_type=\"widget\" data-e-type=\"widget\" data-widget_type=\"text-editor.default\">\n\t\t\t\t<div class=\"elementor-widget-container\">\n\t\t\t\t\t\t\t\t\t<div class=\"flex max-w-full flex-col flex-grow\"><div class=\"min-h-8 text-message flex w-full flex-col items-end gap-2 whitespace-normal break-words text-start [.text-message+&amp;]:mt-5\" dir=\"auto\" data-message-author-role=\"assistant\" data-message-id=\"82263129-6a32-4804-a5a7-3d2a3fd59ea5\" data-message-model-slug=\"gpt-4o-mini\"><div class=\"flex w-full flex-col gap-1 empty:hidden first:pt-[3px]\"><div class=\"markdown prose w-full break-words dark:prose-invert light\"><p><b>Imex Wood Oy:n <\/b><b>kuivikepelletti <\/b><b>\u2013 <\/b><b>luonnollista mukavuutta <\/b><b>ja <\/b><b>ekologista vastuullisuutta hevosille <\/b><b>ja <\/b><b>kotiel\u00e4imille<\/b><\/p><p>Imex Wood Oy:n kuivikepelletti on ekologinen ja kest\u00e4v\u00e4 valinta, joka valmistetaan kotimaisesta, puhtaasta kuusipurusta. Meid\u00e4n pellettimme on t\u00e4ysin luonnollinen, ilman mit\u00e4\u00e4n lis\u00e4aineita, kuorta tai muita ep\u00e4puhtauksia. Se on 100 % kuusipurua, joka takaa puhtaan ja turvallisen ymp\u00e4rist\u00f6n el\u00e4imillesi.<\/p><p><b>Ekologinen ja <\/b><b>kest\u00e4v\u00e4 valinta<\/b><br \/>Kuivikepelletti on valmistettu turvallisesti ja energiatehokkaasti \u2013 t\u00e4ysin ilman kemiallisia lis\u00e4aineita ja puhtaalla uusiutuvalla energialla. Tuotteemme on kest\u00e4v\u00e4\u00e4 ja ekologista, sill\u00e4 k\u00e4yt\u00e4mme kotimaista sertifioitua omasta tuotannosta syntyv\u00e4\u00e4 purua raaka-aineena, jolloin pystymme hy\u00f6dynt\u00e4m\u00e4\u00e4n raaka-aineemme 100 prosenttisesti ilman tuotantohukkaa tai j\u00e4tett\u00e4.<\/p><\/div><\/div><\/div><\/div>\t\t\t\t\t\t\t\t<\/div>\n\t\t\t\t<\/div>\n\t\t\t\t<div class=\"elementor-element elementor-element-a72443c elementor-widget elementor-widget-text-editor\" data-id=\"a72443c\" data-element_type=\"widget\" data-e-type=\"widget\" data-widget_type=\"text-editor.default\">\n\t\t\t\t<div class=\"elementor-widget-container\">\n\t\t\t\t\t\t\t\t\t<div class=\"flex max-w-full flex-col flex-grow\"><div class=\"min-h-8 text-message flex w-full flex-col items-end gap-2 whitespace-normal break-words text-start [.text-message+&amp;]:mt-5\" dir=\"auto\" data-message-author-role=\"assistant\" data-message-id=\"82263129-6a32-4804-a5a7-3d2a3fd59ea5\" data-message-model-slug=\"gpt-4o-mini\"><div class=\"flex w-full flex-col gap-1 empty:hidden first:pt-[3px]\"><div class=\"markdown prose w-full break-words dark:prose-invert light\"><p><b>Erinomainen imukyky <\/b><b>ja <\/b><b>pehmeys<\/b><br \/>Pellettimme on valmistettu erityisesti el\u00e4inten hyvinvointia silm\u00e4ll\u00e4 pit\u00e4en. Se on huokoisempi rakenteeltaan, mik\u00e4 takaa erinomaisen imukyvyn ja pit\u00e4\u00e4 tilan kuivana. Pehme\u00e4 pinta ei aiheuta liukastumisvaaraa ja takaa turvallisen askelluksen hevosille ja muille kotiel\u00e4imille.<\/p><p><b>Raikas <\/b><b>ilmapiiri <\/b><b>ja <\/b><b>puhdas luonto<\/b><br \/>Pellettimme tuottaa raikkaan, luonnollisen puun tuoksun ja tuo tilaan valoa puhtaan valkoisella v\u00e4rill\u00e4\u00e4n. T\u00e4m\u00e4 ei ole pelk\u00e4st\u00e4\u00e4n k\u00e4yt\u00e4nn\u00f6llinen valinta, vaan my\u00f6s esteettinen ja miellytt\u00e4v\u00e4 lis\u00e4 el\u00e4intilallesi.<\/p><p><b>Helppok\u00e4ytt\u00f6inen ja <\/b><b>k\u00e4yt\u00e4nn\u00f6llinen pakkaus<\/b><br \/>Kuivikepelletti on pakattu 500 kilon sis\u00e4s\u00e4killisiin suurs\u00e4kkeihin, jotka tekev\u00e4t varastoinnista ja k\u00e4sittelyst\u00e4 vaivatonta ja siisti\u00e4. Ekologinen ja k\u00e4yt\u00e4nn\u00f6llinen \u2013 juuri niin kuin pit\u00e4\u00e4kin.<\/p><\/div><\/div><\/div><\/div>\t\t\t\t\t\t\t\t<\/div>\n\t\t\t\t<\/div>\n\t\t\t\t<div class=\"elementor-element elementor-element-cfcf530 elementor-tablet_extra-align-left elementor-widget elementor-widget-button\" data-id=\"cfcf530\" data-element_type=\"widget\" data-e-type=\"widget\" data-widget_type=\"button.default\">\n\t\t\t\t<div class=\"elementor-widget-container\">\n\t\t\t\t\t\t\t\t\t<div class=\"elementor-button-wrapper\">\n\t\t\t\t\t<a class=\"elementor-button elementor-button-link elementor-size-sm\" href=\"\/yhteys\/#jata-meille-viesti\">\n\t\t\t\t\t\t<span class=\"elementor-button-content-wrapper\">\n\t\t\t\t\t\t\t\t\t<span class=\"elementor-button-text\">Ota yhteytt\u00e4 \/ Tee tilaus<\/span>\n\t\t\t\t\t<\/span>\n\t\t\t\t\t<\/a>\n\t\t\t\t<\/div>\n\t\t\t\t\t\t\t\t<\/div>\n\t\t\t\t<\/div>\n\t\t\t\t<\/div>\n\t\t\t\t\t<\/div>\n\t\t\t\t<\/div>\n\t\t\t\t<\/div>\n\t\t","protected":false},"excerpt":{"rendered":"<p>Imex Wood Oy:n kuivikepelletti \u2013 luonnollista mukavuutta ja ekologista vastuullisuutta hevosille ja kotiel\u00e4imille Imex Wood Oy:n kuivikepelletti on ekologinen ja kest\u00e4v\u00e4 valinta, joka valmistetaan kotimaisesta, puhtaasta kuusipurusta. Meid\u00e4n pellettimme on t\u00e4ysin luonnollinen, ilman mit\u00e4\u00e4n lis\u00e4aineita, kuorta tai muita ep\u00e4puhtauksia. Se on 100 % kuusipurua, joka takaa puhtaan ja turvallisen ymp\u00e4rist\u00f6n el\u00e4imillesi. Ekologinen ja kest\u00e4v\u00e4 valintaKuivikepelletti [&hellip;]<\/p>\n","protected":false},"author":3,"featured_media":0,"parent":0,"menu_order":0,"comment_status":"closed","ping_status":"closed","template":"","meta":{"iawp_total_views":285,"footnotes":""},"class_list":["post-2601","page","type-page","status-publish","hentry"],"_links":{"self":[{"href":"https:\/\/imexwood.fi\/en\/wp-json\/wp\/v2\/pages\/2601","targetHints":{"allow":["GET"]}}],"collection":[{"href":"https:\/\/imexwood.fi\/en\/wp-json\/wp\/v2\/pages"}],"about":[{"href":"https:\/\/imexwood.fi\/en\/wp-json\/wp\/v2\/types\/page"}],"author":[{"embeddable":true,"href":"https:\/\/imexwood.fi\/en\/wp-json\/wp\/v2\/users\/3"}],"replies":[{"embeddable":true,"href":"https:\/\/imexwood.fi\/en\/wp-json\/wp\/v2\/comments?post=2601"}],"version-history":[{"count":0,"href":"https:\/\/imexwood.fi\/en\/wp-json\/wp\/v2\/pages\/2601\/revisions"}],"wp:attachment":[{"href":"https:\/\/imexwood.fi\/en\/wp-json\/wp\/v2\/media?parent=2601"}],"curies":[{"name":"wp","href":"https:\/\/api.w.org\/{rel}","templated":true}]}}